{"id":11683,"date":"2021-10-27T15:31:33","date_gmt":"2021-10-27T15:31:33","guid":{"rendered":"https:\/\/www.pierrelgroup.com\/modello-231\/"},"modified":"2025-06-06T11:20:16","modified_gmt":"2025-06-06T09:20:16","slug":"modello-231","status":"publish","type":"page","link":"https:\/\/www.pierrelgroup.com\/en\/modello-231\/","title":{"rendered":"Modello 231"},"content":{"rendered":"\t\t<div data-elementor-type=\"wp-page\" data-elementor-id=\"11683\" class=\"elementor elementor-11683 elementor-6330\">\n\t\t\t\t\t\t\t\t\t<section class=\"elementor-section elementor-top-section elementor-element elementor-element-42cf208 cyl-header-section elementor-section-content-middle elementor-section-height-min-height elementor-section-boxed elementor-section-height-default elementor-section-items-middle parallax_section_no qode_elementor_container_no\" data-id=\"42cf208\" data-element_type=\"section\" data-settings=\"{&quot;background_background&quot;:&quot;classic&quot;}\">\n\t\t\t\t\t\t<div class=\"elementor-container elementor-column-gap-default\">\n\t\t\t\t\t<div class=\"elementor-column elementor-col-50 elementor-top-column elementor-element elementor-element-c44dd40\" data-id=\"c44dd40\" data-element_type=\"column\" data-settings=\"{&quot;background_background&quot;:&quot;classic&quot;}\">\n\t\t\t<div class=\"elementor-widget-wrap elementor-element-populated\">\n\t\t\t\t\t\t\t\t<div class=\"elementor-element elementor-element-e931bc2 elementor-widget elementor-widget-heading\" data-id=\"e931bc2\" data-element_type=\"widget\" data-widget_type=\"heading.default\">\n\t\t\t\t<div class=\"elementor-widget-container\">\n\t\t\t<h1 class=\"elementor-heading-title elementor-size-default\">Modello 231<\/h1>\t\t<\/div>\n\t\t\t\t<\/div>\n\t\t\t\t\t<\/div>\n\t\t<\/div>\n\t\t\t\t<div class=\"elementor-column elementor-col-50 elementor-top-column elementor-element elementor-element-63b329e elementor-hidden-tablet elementor-hidden-mobile\" data-id=\"63b329e\" data-element_type=\"column\">\n\t\t\t<div class=\"elementor-widget-wrap\">\n\t\t\t\t\t\t\t\t\t<\/div>\n\t\t<\/div>\n\t\t\t\t\t\t\t<\/div>\n\t\t<\/section>\n\t\t\t\t<section class=\"elementor-section elementor-top-section elementor-element elementor-element-67885c9 elementor-section-content-top elementor-section-boxed elementor-section-height-default elementor-section-height-default parallax_section_no qode_elementor_container_no\" data-id=\"67885c9\" data-element_type=\"section\">\n\t\t\t\t\t\t<div class=\"elementor-container elementor-column-gap-default\">\n\t\t\t\t\t<div class=\"elementor-column elementor-col-100 elementor-top-column elementor-element elementor-element-daba0fc cyl-pdf-viewer-list\" data-id=\"daba0fc\" data-element_type=\"column\" data-settings=\"{&quot;background_background&quot;:&quot;classic&quot;}\">\n\t\t\t<div class=\"elementor-widget-wrap elementor-element-populated\">\n\t\t\t\t\t\t\t\t<div class=\"elementor-element elementor-element-7878d98 elementor-widget elementor-widget-spacer\" data-id=\"7878d98\" data-element_type=\"widget\" data-widget_type=\"spacer.default\">\n\t\t\t\t<div class=\"elementor-widget-container\">\n\t\t\t\t\t<div class=\"elementor-spacer\">\n\t\t\t<div class=\"elementor-spacer-inner\"><\/div>\n\t\t<\/div>\n\t\t\t\t<\/div>\n\t\t\t\t<\/div>\n\t\t\t\t<div class=\"elementor-element elementor-element-1164336 elementor-widget elementor-widget-text-editor\" data-id=\"1164336\" data-element_type=\"widget\" data-widget_type=\"text-editor.default\">\n\t\t\t\t<div class=\"elementor-widget-container\">\n\t\t\t\t\t\t\tPierrel \u00e8 un player globale nel settore farmaceutico, con oltre 70 anni di esperienza nel settore dell\u2019oral health.\u00a0\t\t\t\t\t\t<\/div>\n\t\t\t\t<\/div>\n\t\t\t\t<div class=\"elementor-element elementor-element-8390e1d elementor-widget elementor-widget-spacer\" data-id=\"8390e1d\" data-element_type=\"widget\" data-widget_type=\"spacer.default\">\n\t\t\t\t<div class=\"elementor-widget-container\">\n\t\t\t\t\t<div class=\"elementor-spacer\">\n\t\t\t<div class=\"elementor-spacer-inner\"><\/div>\n\t\t<\/div>\n\t\t\t\t<\/div>\n\t\t\t\t<\/div>\n\t\t\t\t\t<\/div>\n\t\t<\/div>\n\t\t\t\t\t\t\t<\/div>\n\t\t<\/section>\n\t\t\t\t<section class=\"elementor-section elementor-top-section elementor-element elementor-element-9f01216 elementor-section-content-top elementor-section-boxed elementor-section-height-default elementor-section-height-default parallax_section_no qode_elementor_container_no\" data-id=\"9f01216\" data-element_type=\"section\" id=\"intro-row\">\n\t\t\t\t\t\t<div class=\"elementor-container elementor-column-gap-default\">\n\t\t\t\t\t<div class=\"elementor-column elementor-col-100 elementor-top-column elementor-element elementor-element-e4899c1 cyl-pdf-viewer-list\" data-id=\"e4899c1\" data-element_type=\"column\" data-settings=\"{&quot;background_background&quot;:&quot;classic&quot;}\">\n\t\t\t<div class=\"elementor-widget-wrap elementor-element-populated\">\n\t\t\t\t\t\t\t\t<div class=\"elementor-element elementor-element-ab19d64 elementor-widget elementor-widget-text-editor\" data-id=\"ab19d64\" data-element_type=\"widget\" data-widget_type=\"text-editor.default\">\n\t\t\t\t<div class=\"elementor-widget-container\">\n\t\t\t\t\t\t\tD. Lgs 231\/2001 &#8211; Responsabilit\u00e0 amministrativa degli Enti &#8211; Il D. Lgs 8 giugno 2001, n. 231 ha introdotto per la prima volta nel nostro ordinamento un regime di &#8220;responsabilit\u00e0 amministrativa&#8221; a carico delle societ\u00e0, degli enti e delle associazioni anche prive di personalit\u00e0 giuridica. PIERREL, nel perseguimento della gestione delle attivit\u00e0 aziendali sulla base dei valori di legalit\u00e0, lealt\u00e0 e correttezza, ha adottato &#8211; e successivamente aggiornato &#8211; il proprio modello di organizzazione, gestione e controllo, alle prescrizioni di tale nuova normativa. Tale processo di adeguamento \u00e8 stato effettuato tenendo conto delle previsioni di cui al D.Lgs. 231\/01 e delle Linee Guida elaborate sul tema da Confindustria. La revisione e aggiornamento del Modello di Organizzazione, gestione e controllo ex D.Lgs 231\/01 \u00e8 stata approvata dal Consiglio di Amministrazione di Pierrel SpA con delibera del 11 novembre 2022 e il documento \u00e8 sottoposto a revisione periodica, anche su proposta dell\u2019Organismo di Vigilanza, cui l\u2019art. 6, I comma, lettera b) del D. Lgs. 231\/2001 conferisce il compito \u201cdi vigilare sul funzionamento e l\u2019osservanza dei modelli e di curare il loro aggiornamento\u201d. Estratto Modello di organizzazione, gestione e controllo.\t\t\t\t\t\t<\/div>\n\t\t\t\t<\/div>\n\t\t\t\t<div class=\"elementor-element elementor-element-3913ce1 elementor-widget elementor-widget-spacer\" data-id=\"3913ce1\" data-element_type=\"widget\" data-widget_type=\"spacer.default\">\n\t\t\t\t<div class=\"elementor-widget-container\">\n\t\t\t\t\t<div class=\"elementor-spacer\">\n\t\t\t<div class=\"elementor-spacer-inner\"><\/div>\n\t\t<\/div>\n\t\t\t\t<\/div>\n\t\t\t\t<\/div>\n\t\t\t\t<div class=\"elementor-element elementor-element-3f31d78 elementor-widget elementor-widget-text-editor\" data-id=\"3f31d78\" data-element_type=\"widget\" data-widget_type=\"text-editor.default\">\n\t\t\t\t<div class=\"elementor-widget-container\">\n\t\t\t\t\t\t\t<strong>Modello di organizzazione, gestione e controllo ex D.Lgs 231<\/strong>\t\t\t\t\t\t<\/div>\n\t\t\t\t<\/div>\n\t\t\t\t<div class=\"elementor-element elementor-element-f2a4c85 elementor-widget elementor-widget-spacer\" data-id=\"f2a4c85\" data-element_type=\"widget\" data-widget_type=\"spacer.default\">\n\t\t\t\t<div class=\"elementor-widget-container\">\n\t\t\t\t\t<div class=\"elementor-spacer\">\n\t\t\t<div class=\"elementor-spacer-inner\"><\/div>\n\t\t<\/div>\n\t\t\t\t<\/div>\n\t\t\t\t<\/div>\n\t\t\t\t<div class=\"elementor-element elementor-element-b982ec4 elementor-widget elementor-widget-qi_addons_for_elementor_button\" data-id=\"b982ec4\" data-element_type=\"widget\" data-widget_type=\"qi_addons_for_elementor_button.default\">\n\t\t\t\t<div class=\"elementor-widget-container\">\n\t\t\t<a class=\"qodef-shortcode qodef-m  qodef-qi-button qodef-html--link qodef-layout--filled qodef-type--standard   qodef-icon--right qodef-hover--icon-move-horizontal-short     \" href=\"https:\/\/www.pierrelgroup.com\/wp-content\/uploads\/Modello-di-Organizzazione_definitivo-1.pdf\" target=\"_blank\">\n\t<span class=\"qodef-m-text\">Scarica<\/span>\n\t<\/a>\n\t\t<\/div>\n\t\t\t\t<\/div>\n\t\t\t\t<div class=\"elementor-element elementor-element-9e1b0b9 elementor-widget elementor-widget-spacer\" data-id=\"9e1b0b9\" data-element_type=\"widget\" data-widget_type=\"spacer.default\">\n\t\t\t\t<div class=\"elementor-widget-container\">\n\t\t\t\t\t<div class=\"elementor-spacer\">\n\t\t\t<div class=\"elementor-spacer-inner\"><\/div>\n\t\t<\/div>\n\t\t\t\t<\/div>\n\t\t\t\t<\/div>\n\t\t\t\t<div class=\"elementor-element elementor-element-3bb1b88 elementor-widget elementor-widget-text-editor\" data-id=\"3bb1b88\" data-element_type=\"widget\" data-widget_type=\"text-editor.default\">\n\t\t\t\t<div class=\"elementor-widget-container\">\n\t\t\t\t\t\t\t<b>CV Avvocato Benedetta Rossi<\/b>\t\t\t\t\t\t<\/div>\n\t\t\t\t<\/div>\n\t\t\t\t<div class=\"elementor-element elementor-element-1b20402 elementor-widget elementor-widget-qi_addons_for_elementor_button\" data-id=\"1b20402\" data-element_type=\"widget\" data-widget_type=\"qi_addons_for_elementor_button.default\">\n\t\t\t\t<div class=\"elementor-widget-container\">\n\t\t\t<a class=\"qodef-shortcode qodef-m  qodef-qi-button qodef-html--link qodef-layout--filled qodef-type--standard   qodef-icon--right qodef-hover--icon-move-horizontal-short     \" href=\"https:\/\/www.pierrelgroup.com\/wp-content\/uploads\/curriculum-vitae-BR-231-per-pubblicazione.pdf\" target=\"_blank\">\n\t<span class=\"qodef-m-text\">Scarica<\/span>\n\t<\/a>\n\t\t<\/div>\n\t\t\t\t<\/div>\n\t\t\t\t<div class=\"elementor-element elementor-element-ca7ccb8 elementor-widget elementor-widget-spacer\" data-id=\"ca7ccb8\" data-element_type=\"widget\" data-widget_type=\"spacer.default\">\n\t\t\t\t<div class=\"elementor-widget-container\">\n\t\t\t\t\t<div class=\"elementor-spacer\">\n\t\t\t<div class=\"elementor-spacer-inner\"><\/div>\n\t\t<\/div>\n\t\t\t\t<\/div>\n\t\t\t\t<\/div>\n\t\t\t\t\t<\/div>\n\t\t<\/div>\n\t\t\t\t\t\t\t<\/div>\n\t\t<\/section>\n\t\t\t\t<section class=\"elementor-section elementor-top-section elementor-element elementor-element-b8a162d comunicati-stampa elementor-section-content-top elementor-section-boxed elementor-section-height-default elementor-section-height-default parallax_section_no qode_elementor_container_no\" data-id=\"b8a162d\" data-element_type=\"section\">\n\t\t\t\t\t\t<div class=\"elementor-container elementor-column-gap-default\">\n\t\t\t\t\t<div class=\"elementor-column elementor-col-100 elementor-top-column elementor-element elementor-element-8d57c63 cyl-pdf-viewer-list\" data-id=\"8d57c63\" data-element_type=\"column\" data-settings=\"{&quot;background_background&quot;:&quot;classic&quot;}\">\n\t\t\t<div class=\"elementor-widget-wrap\">\n\t\t\t\t\t\t\t\t\t<\/div>\n\t\t<\/div>\n\t\t\t\t\t\t\t<\/div>\n\t\t<\/section>\n\t\t\t\t<section data-pa-eq-height=\"{&quot;targetType&quot;:&quot;custom&quot;,&quot;target&quot;:[&quot;.col-1&quot;,&quot; col-2&quot;,&quot; col-3&quot;],&quot;enableOn&quot;:[&quot;desktop&quot;,&quot;tablet&quot;]}\" class=\"elementor-section elementor-top-section elementor-element elementor-element-d38627e elementor-section-full_width elementor-section-content-middle elementor-section-stretched cyl-newsletter-row premium-equal-height-yes elementor-section-height-default elementor-section-height-default parallax_section_no qode_elementor_container_no\" data-id=\"d38627e\" data-element_type=\"section\" data-settings=\"{&quot;stretch_section&quot;:&quot;section-stretched&quot;,&quot;premium_eq_height_switcher&quot;:&quot;yes&quot;}\">\n\t\t\t\t\t\t<div class=\"elementor-container elementor-column-gap-no\">\n\t\t\t\t\t<div class=\"elementor-column elementor-col-100 elementor-top-column elementor-element elementor-element-d0732ba\" data-id=\"d0732ba\" data-element_type=\"column\">\n\t\t\t<div class=\"elementor-widget-wrap elementor-element-populated\">\n\t\t\t\t\t\t\t\t<div class=\"elementor-element elementor-element-e3b651c elementor-widget elementor-widget-template\" data-id=\"e3b651c\" data-element_type=\"widget\" data-widget_type=\"template.default\">\n\t\t\t\t<div class=\"elementor-widget-container\">\n\t\t\t\t\t<div class=\"elementor-template\">\n\t\t\t\t\t<div data-elementor-type=\"section\" data-elementor-id=\"11944\" class=\"elementor elementor-11944\">\n\t\t\t\t\t\t\t\t<section data-pa-eq-height=\"{&quot;targetType&quot;:&quot;custom&quot;,&quot;target&quot;:[&quot;.col-1&quot;,&quot; col-2&quot;,&quot; col-3&quot;],&quot;enableOn&quot;:[&quot;desktop&quot;,&quot;tablet&quot;]}\" class=\"elementor-section elementor-top-section elementor-element elementor-element-b5d0d47 cyl-newsletter-row elementor-section-content-middle elementor-section-stretched elementor-section-full_width premium-equal-height-yes elementor-section-height-default elementor-section-height-default parallax_section_no qode_elementor_container_no\" data-id=\"b5d0d47\" data-element_type=\"section\" data-settings=\"{&quot;stretch_section&quot;:&quot;section-stretched&quot;,&quot;premium_eq_height_switcher&quot;:&quot;yes&quot;}\">\n\t\t\t\t\t\t<div class=\"elementor-container elementor-column-gap-no\">\n\t\t\t\t\t<div class=\"elementor-column elementor-col-33 elementor-top-column elementor-element elementor-element-5e069b3 col-1 elementor-hidden-tablet elementor-hidden-mobile\" data-id=\"5e069b3\" data-element_type=\"column\" data-settings=\"{&quot;background_background&quot;:&quot;classic&quot;}\">\n\t\t\t<div class=\"elementor-widget-wrap\">\n\t\t\t\t\t\t\t\t\t<\/div>\n\t\t<\/div>\n\t\t\t\t<div class=\"elementor-column elementor-col-33 elementor-top-column elementor-element elementor-element-dddca86 col-2\" data-id=\"dddca86\" data-element_type=\"column\" data-settings=\"{&quot;background_background&quot;:&quot;classic&quot;}\">\n\t\t\t<div class=\"elementor-widget-wrap elementor-element-populated\">\n\t\t\t\t\t\t\t\t<section class=\"elementor-section elementor-inner-section elementor-element elementor-element-946ebe2 discover-row elementor-section-content-middle elementor-section-boxed elementor-section-height-default elementor-section-height-default parallax_section_no qode_elementor_container_no\" data-id=\"946ebe2\" data-element_type=\"section\">\n\t\t\t\t\t\t<div class=\"elementor-container elementor-column-gap-no\">\n\t\t\t\t\t<div class=\"elementor-column elementor-col-50 elementor-inner-column elementor-element elementor-element-275314d col-left-discover\" data-id=\"275314d\" data-element_type=\"column\">\n\t\t\t<div class=\"elementor-widget-wrap elementor-element-populated\">\n\t\t\t\t\t\t\t\t<div class=\"elementor-element elementor-element-9d29e25 circle-discover elementor-mobile-align-left elementor-widget__width-initial elementor-widget-mobile__width-initial elementor-align-center elementor-widget elementor-widget-lottie\" data-id=\"9d29e25\" data-element_type=\"widget\" data-settings=\"{&quot;source_json&quot;:{&quot;url&quot;:&quot;https:\\\/\\\/www.pierrelgroup.com\\\/wp-content\\\/uploads\\\/2021\\\/09\\\/lf20_wuwz6cfr.json&quot;,&quot;id&quot;:2855,&quot;size&quot;:&quot;&quot;,&quot;alt&quot;:&quot;&quot;,&quot;source&quot;:&quot;library&quot;},&quot;trigger&quot;:&quot;none&quot;,&quot;loop&quot;:&quot;yes&quot;,&quot;play_speed&quot;:{&quot;unit&quot;:&quot;px&quot;,&quot;size&quot;:1.1,&quot;sizes&quot;:[]},&quot;lazyload&quot;:&quot;yes&quot;,&quot;source&quot;:&quot;media_file&quot;,&quot;caption_source&quot;:&quot;none&quot;,&quot;link_to&quot;:&quot;none&quot;,&quot;start_point&quot;:{&quot;unit&quot;:&quot;%&quot;,&quot;size&quot;:&quot;0&quot;,&quot;sizes&quot;:[]},&quot;end_point&quot;:{&quot;unit&quot;:&quot;%&quot;,&quot;size&quot;:&quot;100&quot;,&quot;sizes&quot;:[]},&quot;renderer&quot;:&quot;svg&quot;}\" data-widget_type=\"lottie.default\">\n\t\t\t\t<div class=\"elementor-widget-container\">\n\t\t\t<div class=\"e-lottie__container\"><div class=\"e-lottie__animation\"><\/div><\/div>\t\t<\/div>\n\t\t\t\t<\/div>\n\t\t\t\t\t<\/div>\n\t\t<\/div>\n\t\t\t\t<div class=\"elementor-column elementor-col-50 elementor-inner-column elementor-element elementor-element-8170c67 col-right-discover\" data-id=\"8170c67\" data-element_type=\"column\">\n\t\t\t<div class=\"elementor-widget-wrap elementor-element-populated\">\n\t\t\t\t\t\t\t\t<div class=\"elementor-element elementor-element-dcde078 discover-text elementor-widget elementor-widget-text-editor\" data-id=\"dcde078\" data-element_type=\"widget\" data-widget_type=\"text-editor.default\">\n\t\t\t\t<div class=\"elementor-widget-container\">\n\t\t\t\t\t\t\tNEWSLETTER PIERREL\t\t\t\t\t\t<\/div>\n\t\t\t\t<\/div>\n\t\t\t\t\t<\/div>\n\t\t<\/div>\n\t\t\t\t\t\t\t<\/div>\n\t\t<\/section>\n\t\t\t\t<section class=\"elementor-section elementor-inner-section elementor-element elementor-element-604f6a7 elementor-section-boxed elementor-section-height-default elementor-section-height-default parallax_section_no qode_elementor_container_no\" data-id=\"604f6a7\" data-element_type=\"section\">\n\t\t\t\t\t\t<div class=\"elementor-container elementor-column-gap-default\">\n\t\t\t\t\t<div class=\"elementor-column elementor-col-100 elementor-inner-column elementor-element elementor-element-1003b9f\" data-id=\"1003b9f\" data-element_type=\"column\">\n\t\t\t<div class=\"elementor-widget-wrap elementor-element-populated\">\n\t\t\t\t\t\t\t\t<div class=\"elementor-element elementor-element-a039303 elementor-widget elementor-widget-spacer\" data-id=\"a039303\" data-element_type=\"widget\" data-widget_type=\"spacer.default\">\n\t\t\t\t<div class=\"elementor-widget-container\">\n\t\t\t\t\t<div class=\"elementor-spacer\">\n\t\t\t<div class=\"elementor-spacer-inner\"><\/div>\n\t\t<\/div>\n\t\t\t\t<\/div>\n\t\t\t\t<\/div>\n\t\t\t\t<div class=\"elementor-element elementor-element-4e0a05f elementor-widget-tablet__width-inherit elementor-widget elementor-widget-heading\" data-id=\"4e0a05f\" data-element_type=\"widget\" data-widget_type=\"heading.default\">\n\t\t\t\t<div class=\"elementor-widget-container\">\n\t\t\t<h3 class=\"elementor-heading-title elementor-size-default\">Subscribe to automatically receive all updates about Pierrel and the oral health industry.<\/h3>\t\t<\/div>\n\t\t\t\t<\/div>\n\t\t\t\t<div class=\"elementor-element elementor-element-73040d3 elementor-widget elementor-widget-spacer\" data-id=\"73040d3\" data-element_type=\"widget\" data-widget_type=\"spacer.default\">\n\t\t\t\t<div class=\"elementor-widget-container\">\n\t\t\t\t\t<div class=\"elementor-spacer\">\n\t\t\t<div class=\"elementor-spacer-inner\"><\/div>\n\t\t<\/div>\n\t\t\t\t<\/div>\n\t\t\t\t<\/div>\n\t\t\t\t<div class=\"elementor-element elementor-element-86bf9b7 elementor-widget-tablet__width-inherit elementor-widget elementor-widget-html\" data-id=\"86bf9b7\" data-element_type=\"widget\" data-widget_type=\"html.default\">\n\t\t\t\t<div class=\"elementor-widget-container\">\n\t\t\t<div class=\"tnp tnp-subscription\">\r\n\t<form method=\"post\" action=\"https:\/\/www.pierrelgroup.com\/?na=s\">\r\n\t\t<input type=\"hidden\" name=\"nlang\" value=\"\">\r\n\t\t<div class=\"tnp-field tnp-lists\">\r\n\t\t\t<label style=\"color:#fff; font-weight: 400; font-size: 12px !Important; margin-bottom: 4px\">CHOOSE THE CATEGORY:<\/label>\r\n\t\t\t<span class=\"content-select\">\r\n\t\t\t\t<select class=\"tnp-lists\" name=\"nl[]\" required=\"\">\r\n\t\t\t\t\t<option value=\"1\">Dentist<\/option>\r\n\t\t\t\t\t<option value=\"2\">Dealer<\/option>\r\n\t\t\t\t\t<option value=\"3\">Investor<\/option>\r\n\t\t\t\t<\/select>\r\n\t\t\t<\/span>\r\n\t\t<\/div>\r\n\t\t<div class=\"tnp-field tnp-field-email\">\r\n\t\t\t<input placeholder=\"Email\" class=\"tnp-email\" type=\"email\" name=\"ne\" value=\"\" required>\r\n\t\t\t<input class=\"tnp-submit\" type=\"submit\" value=\"SEND\" >\r\n\t\t<\/div>\r\n\t\t<div class=\"tnp-field tnp-privacy-field\">\r\n\t\t\t<label>\r\n\t\t\t\t<input type=\"checkbox\" name=\"ny\" required class=\"checkbox-round tnp-privacy\">&nbsp;\r\n\t\t\t\t<span>I read the privacy policy<\/span> <a target=\"_blank\" href=\"\/en\/privacy-policy\/\">(read here)<\/a>\r\n\t\t\t<\/label>\r\n\t\t\t<label style=\"margin-top: 10px;\">\r\n\t\t\t\t<input type=\"checkbox\" name=\"ny\" required class=\"checkbox-round tnp-privacy\">&nbsp;\r\n\t\t\t\t<span>I give my consent for the treatment of my personal data<\/span> <a target=\"_blank\" href=\"\/en\/privacy-policy\/\">(read here)<\/a>\r\n\t\t\t<\/label>\r\n\t\t<\/div>\r\n\t<\/form>\r\n<\/div>\t\t<\/div>\n\t\t\t\t<\/div>\n\t\t\t\t<div class=\"elementor-element elementor-element-5cd7315 elementor-widget elementor-widget-template\" data-id=\"5cd7315\" data-element_type=\"widget\" data-widget_type=\"template.default\">\n\t\t\t\t<div class=\"elementor-widget-container\">\n\t\t\t\t\t<div class=\"elementor-template\">\n\t\t\t\t\t<\/div>\n\t\t\t\t<\/div>\n\t\t\t\t<\/div>\n\t\t\t\t\t<\/div>\n\t\t<\/div>\n\t\t\t\t\t\t\t<\/div>\n\t\t<\/section>\n\t\t\t\t\t<\/div>\n\t\t<\/div>\n\t\t\t\t<div class=\"elementor-column elementor-col-33 elementor-top-column elementor-element elementor-element-f53b305 col-3 elementor-hidden-tablet elementor-hidden-mobile\" data-id=\"f53b305\" data-element_type=\"column\">\n\t\t\t<div class=\"elementor-widget-wrap\">\n\t\t\t\t\t\t\t\t\t<\/div>\n\t\t<\/div>\n\t\t\t\t\t\t\t<\/div>\n\t\t<\/section>\n\t\t\t\t\t\t<\/div>\n\t\t\t\t<\/div>\n\t\t\t\t<\/div>\n\t\t\t\t<\/div>\n\t\t\t\t\t<\/div>\n\t\t<\/div>\n\t\t\t\t\t\t\t<\/div>\n\t\t<\/section>\n\t\t\t\t\t\t\t<\/div>\n\t\t","protected":false},"excerpt":{"rendered":"<p>Modello 231 Pierrel \u00e8 un player globale nel settore farmaceutico, con oltre 70 anni di esperienza nel settore dell\u2019oral health.\u00a0 D. Lgs 231\/2001 &#8211; Responsabilit\u00e0&#8230;<\/p>\n","protected":false},"author":1,"featured_media":0,"parent":0,"menu_order":0,"comment_status":"closed","ping_status":"closed","template":"full_width.php","meta":{"_acf_changed":false,"_monsterinsights_skip_tracking":false,"_monsterinsights_sitenote_active":false,"_monsterinsights_sitenote_note":"","_monsterinsights_sitenote_category":0,"footnotes":"","_links_to":"","_links_to_target":""},"class_list":["post-11683","page","type-page","status-publish","hentry"],"acf":[],"_links":{"self":[{"href":"https:\/\/www.pierrelgroup.com\/en\/wp-json\/wp\/v2\/pages\/11683","targetHints":{"allow":["GET"]}}],"collection":[{"href":"https:\/\/www.pierrelgroup.com\/en\/wp-json\/wp\/v2\/pages"}],"about":[{"href":"https:\/\/www.pierrelgroup.com\/en\/wp-json\/wp\/v2\/types\/page"}],"author":[{"embeddable":true,"href":"https:\/\/www.pierrelgroup.com\/en\/wp-json\/wp\/v2\/users\/1"}],"replies":[{"embeddable":true,"href":"https:\/\/www.pierrelgroup.com\/en\/wp-json\/wp\/v2\/comments?post=11683"}],"version-history":[{"count":8,"href":"https:\/\/www.pierrelgroup.com\/en\/wp-json\/wp\/v2\/pages\/11683\/revisions"}],"predecessor-version":[{"id":18584,"href":"https:\/\/www.pierrelgroup.com\/en\/wp-json\/wp\/v2\/pages\/11683\/revisions\/18584"}],"wp:attachment":[{"href":"https:\/\/www.pierrelgroup.com\/en\/wp-json\/wp\/v2\/media?parent=11683"}],"curies":[{"name":"wp","href":"https:\/\/api.w.org\/{rel}","templated":true}]}}